{"id":887,"date":"2018-01-01T08:00:52","date_gmt":"2018-01-01T07:00:52","guid":{"rendered":"http:\/\/www.sgschierling-langquaid.de\/handball\/?page_id=887"},"modified":"2022-08-09T09:50:38","modified_gmt":"2022-08-09T07:50:38","slug":"kraesch-games-2016","status":"publish","type":"page","link":"https:\/\/www.sgschierling-langquaid.de\/handball\/?page_id=887","title":{"rendered":"Vereins-Shop"},"content":{"rendered":"<p><!--Bild ausgeblendet\n\n\n<div style=\"text-align: center; padding-bottom: 20px;\">\n<img decoding=\"async\" src=\"http:\/\/www.sgschierling-langquaid.de\/handball\/wp-content\/uploads\/2016\/02\/LogoKG.jpg\" alt=\"Kr\u00e4sch Games 2016\" \/>\n<\/div>\n\n\n--><\/p>\n<div style=\"text-align: center; padding-bottom: 20px;\"><strong>EUER TEAM&#8230;EUER VEREINSSHOP&#8230;EURE VORTEILE<\/strong>\n<\/div>\n<div style=\"text-align: justify; padding-bottom: 10px;\">\nIn unserem Vereinsshop k\u00f6nnt ihr jeder Zeit unsere individuelle Vereinskleidung nachbestellen oder auch eure Erstbestellung abgeben. Sucht euch einfach das gew\u00fcnschte Teil aus, bestimmt ob mit oder ohne Initialen und bestellt euer Wunsch-St\u00fcck. Kein warten mehr auf eine Sammelbestellung. So ist der enheitliche Auftritt als Mannschaft jeder Zeit gew\u00e4hrt.\n<\/div>\n<div style=\"text-align: left; padding-bottom: 20px;\">\nViel Spa\u00df beim Aussuchen\n<\/div>\n<div style=\"text-align: left; padding-bottom: 20px;\">\n<a href=\"https:\/\/shop-primosport.de\/sg-schierling-langquaid\" target=\"_blank\" rel=\"noopener\"><img decoding=\"async\" loading=\"lazy\" src=\"http:\/\/www.sgschierling-langquaid.de\/handball\/wp-content\/uploads\/2022\/08\/Vereinsshop-Webbaner-SG-Schierling-block.jpg\" alt=\"\" width=\"615\" height=\"512\" class=\"aligncenter size-full wp-image-3053\" srcset=\"https:\/\/www.sgschierling-langquaid.de\/handball\/wp-content\/uploads\/2022\/08\/Vereinsshop-Webbaner-SG-Schierling-block.jpg 615w, https:\/\/www.sgschierling-langquaid.de\/handball\/wp-content\/uploads\/2022\/08\/Vereinsshop-Webbaner-SG-Schierling-block-300x250.jpg 300w\" sizes=\"(max-width: 615px) 100vw, 615px\" \/><\/a>\n<\/div>\n<div style=\"text-align: left; padding-bottom: 20px;\">\n<\/div>\n","protected":false},"excerpt":{"rendered":"<p>EUER TEAM&#8230;EUER VEREINSSHOP&#8230;EURE VORTEILE In unserem Vereinsshop k\u00f6nnt ihr jeder Zeit unsere individuelle Vereinskleidung nachbestellen oder auch eure Erstbestellung abgeben. Sucht euch einfach das gew\u00fcnschte Teil aus, bestimmt ob mit oder ohne Initialen und bestellt euer Wunsch-St\u00fcck. Kein warten mehr auf eine Sammelbestellung. So ist der enheitliche Auftritt als Mannschaft jeder Zeit gew\u00e4hrt. Viel Spa\u00df beim Aussuchen<\/p>\n","protected":false},"author":1,"featured_media":3055,"parent":0,"menu_order":0,"comment_status":"closed","ping_status":"closed","template":"template-fullwidth.php","meta":[],"_links":{"self":[{"href":"https:\/\/www.sgschierling-langquaid.de\/handball\/index.php?rest_route=\/wp\/v2\/pages\/887"}],"collection":[{"href":"https:\/\/www.sgschierling-langquaid.de\/handball\/index.php?rest_route=\/wp\/v2\/pages"}],"about":[{"href":"https:\/\/www.sgschierling-langquaid.de\/handball\/index.php?rest_route=\/wp\/v2\/types\/page"}],"author":[{"embeddable":true,"href":"https:\/\/www.sgschierling-langquaid.de\/handball\/index.php?rest_route=\/wp\/v2\/users\/1"}],"replies":[{"embeddable":true,"href":"https:\/\/www.sgschierling-langquaid.de\/handball\/index.php?rest_route=%2Fwp%2Fv2%2Fcomments&post=887"}],"version-history":[{"count":67,"href":"https:\/\/www.sgschierling-langquaid.de\/handball\/index.php?rest_route=\/wp\/v2\/pages\/887\/revisions"}],"predecessor-version":[{"id":3059,"href":"https:\/\/www.sgschierling-langquaid.de\/handball\/index.php?rest_route=\/wp\/v2\/pages\/887\/revisions\/3059"}],"wp:featuredmedia":[{"embeddable":true,"href":"https:\/\/www.sgschierling-langquaid.de\/handball\/index.php?rest_route=\/wp\/v2\/media\/3055"}],"wp:attachment":[{"href":"https:\/\/www.sgschierling-langquaid.de\/handball\/index.php?rest_route=%2Fwp%2Fv2%2Fmedia&parent=887"}],"curies":[{"name":"wp","href":"https:\/\/api.w.org\/{rel}","templated":true}]}}