{"id":4,"date":"2012-08-23T16:12:32","date_gmt":"2012-08-23T14:12:32","guid":{"rendered":"http:\/\/www.sgschierling-langquaid.de\/handball\/?page_id=4"},"modified":"2024-05-07T15:26:09","modified_gmt":"2024-05-07T13:26:09","slug":"home","status":"publish","type":"page","link":"https:\/\/www.sgschierling-langquaid.de\/handball\/?page_id=4","title":{"rendered":"\u00dcber uns"},"content":{"rendered":"<p><!--\n\n<div align=\"center\"><img decoding=\"async\" src=\"http:\/\/www.sgschierling-langquaid.de\/handball\/wp-content\/uploads\/2018\/04\/Vorstand2018k.jpg\" alt=\"Vorstandschaft 2018\" \/><\/div>\n\n--><\/p>\n<div align=\"center\"><img decoding=\"async\" src=\"http:\/\/www.sgschierling-langquaid.de\/handball\/wp-content\/uploads\/2021\/09\/VorstandschaftSGt1.jpg\" alt=\"Vorstandschaft 2018\" \/><\/div>\n<div>Die Abteilung Handball bildet seit 1992 eine Spielergemeinschaft mit der Handballabteilung des TV Schierling und tritt unter dem Namen SG Schierling\/Langquaid, Handball auf. Die SG hat sich seit der Gr\u00fcndung kontinuierlich aufw\u00e4rts entwickelt. Gerade im Jugendbereich arbeitet sich die SG voran. So konnten Damen- und Herrenmannschaften komplett mit dem eigenen Nachwuchs verj\u00fcngt werden. Im Kinderhandball wird nun ebenso ein vollst\u00e4ndiger und kindergerechter Handballsport angeboten.<\/div>\n<div><\/div>\n<p><strong>Oben<\/strong>. Die <strong>Aktuelle SG-Leitung <\/strong>mit Abteilungsleitung TV Schierling nach der Neuwahl 26. April 2024<\/p>\n<table style=\"table-layout: fixed; height: 280px;\" border=\"0\" width=\"697\">\n<colgroup>\n<col width=\"170\" \/>\n<col width=\"380\" \/> <\/colgroup>\n<tbody>\n<tr>\n<td rowspan=\"2\" width=\"170\"><\/td>\n<td style=\"font-family: 'Verdana'; font-style: normal; font-size: 10px; font-weight: normal; color: #404040; text-align: left;\" valign=\"bottom\">Die <strong>SG-Leitung<\/strong> setzt sich wie folgt zusammen..<\/td>\n<\/tr>\n<tr>\n<td style=\"font-family: 'Verdana'; font-style: normal; font-size: 10px; font-weight: normal; color: #404040; text-align: left;\">\n<ul style=\"padding-left: 20px; padding-right: 10px;\">\n<li>SG Leitung. Thomas Olbrich<\/li>\n<li>Stellvertreter. Andreas Daffner<\/li>\n<li>Schriftf\u00fchrer. Julia Klingl<\/li>\n<li>Kassier. Kevin K\u00f6nig<\/li>\n<li>Technische Leitung. Daniel Spacek<\/li>\n<li>Jugendleitung. Stefan Klingl<\/li>\n<li>\u00d6ffentlichkeitsarbeit. Mirjam Kahl<\/li>\n<li>\u00a0<\/li>\n<li>Kassenpr\u00fcfer TV. Stefan Butz<\/li>\n<li>Kassenpr\u00fcfer TSV. Alexander Eder<\/li>\n<\/ul>\n<\/td>\n<\/tr>\n<\/tbody>\n<\/table>\n<p><!-- style=\"table-layout: fixed;\" --><\/p>\n<table border=\"0\">\n<colgroup>\n<col width=\"170\" \/>\n<col width=\"380\" \/> <\/colgroup>\n<tbody>\n<tr>\n<td rowspan=\"2\" width=\"170\"><\/td>\n<td style=\"font-family: 'Verdana'; font-style: normal; font-size: 10px; font-weight: normal; color: #404040; text-align: left;\" valign=\"bottom\">Die Abteilungsleitung des <strong>TV Schierling<\/strong><\/td>\n<\/tr>\n<tr>\n<td style=\"font-family: 'Verdana'; font-style: normal; font-size: 10px; font-weight: normal; color: #404040; text-align: left;\" valign=\"top\">\n<ul style=\"padding-left: 20px; padding-right: 80px;\">\n<li>Abt. Leiter. Stefan K\u00e4ufl<\/li>\n<li>Stellvertreter. Tobias K\u00e4ufl<\/li>\n<\/ul>\n<\/td>\n<\/tr>\n<\/tbody>\n<\/table>\n<table border=\"0\">\n<colgroup>\n<col width=\"170\" \/>\n<col width=\"380\" \/> <\/colgroup>\n<tbody>\n<tr>\n<td rowspan=\"2\" width=\"170\" ><\/td>\n<td style=\"font-family: 'Verdana'; font-style: normal; font-size: 10px; font-weight: normal; color: #404040; text-align: left;\" valign=\"bottom\">Die Abteilungsleitung des <strong>TSV Langquaid<\/strong><\/td>\n<\/tr>\n<tr>\n<td style=\"font-family: 'Verdana'; font-style: normal; font-size: 10px; font-weight: normal; color: #404040; text-align: left;\" valign=\"top\">\n<ul style=\"padding-left: 20px; padding-right: 80px;\">\n<li>Abt. Leiter. Andreas Daffner<\/li>\n<li>Stellvertreter. Veronika Gmeinwieser<\/li>\n<li>Jugendleitung. Tine Klingl<\/li>\n<\/ul>\n<\/td>\n<\/tr>\n<\/tbody>\n<\/table>\n<p>&nbsp;<\/p>\n<div><\/div>\n<div><\/div>\n<div style=\"text-align: left; margin-bottom: 25px;\" align=\"center\"><strong>Die Entwicklung des Handballsportes in Langquaid und Schierling<\/strong><\/div>\n<div style=\"text-align: left; margin-bottom: 25px;\" align=\"center\"><strong>Peter K\u00fchbeck<\/strong> ergriff <strong>1977<\/strong> die Initiative und gr\u00fcndete eine Handballabteilung in Langquaid. Schon nach kurzer Zeit konnte neben<img decoding=\"async\" loading=\"lazy\" class=\"alignright size-full wp-image-1284\" title=\"Peter K\u00fchbeck\" src=\"http:\/\/www.sgschierling-langquaid.de\/handball\/wp-content\/uploads\/2012\/08\/kuehbeck21.jpg\" alt=\"\" width=\"120\" height=\"170\" \/> der Herrenmannschaft, eine Sch\u00fcler und eine Jugendmannschaft in den Spielbetrieb eingreifen.<\/div>\n<div style=\"text-align: left;\" align=\"center\">\n<div><strong>Reinhold R\u00fcsing<\/strong> gelang es im Jahre 1989 eine Damenmannschaft zu gr\u00fcnden. Trotz unerm\u00fcdlichem Einsatz konnte die junge Abteilung den Spielbetrieb im Jugendbereich nicht aufrecht erhalten.<\/div>\n<div>\n<div style=\"text-align: left; margin-bottom: 25px;\"><img decoding=\"async\" loading=\"lazy\" class=\"alignleft size-thumbnail wp-image-1285\" title=\"Mehrzweckhalle Schierling\" src=\"http:\/\/www.sgschierling-langquaid.de\/handball\/wp-content\/uploads\/2012\/08\/halleS-150x150.jpg\" alt=\"\" width=\"150\" height=\"150\" \/> Am <strong>23.08.1988<\/strong> gr\u00fcndete <strong>Wilfried Kellner <\/strong>eine Handballabteilung beim TV Schierling. Im Jahre <strong>1989<\/strong>, kurz nach Fertigstellung der MZH in Schierling, nahm man den Spielbetrieb auf. Mit tatkr\u00e4ftiger Unterst\u00fctzung von <strong>Walter Heiligtag<\/strong>, einem ehemaligen Oberligaspieler, konnte neben der Herrenmannschaft auch sofort das Interesse der Schierlinger Jugend geweckt werden. Vor allem die Arbeit mit den Jugendlichen, sollte sich in den Folgejahren noch bezahlt machen.<\/div>\n<div style=\"text-align: left; margin-bottom: 25px;\">Doch trotz allen Anstrengungen, schafften es die beide Abteilungen nicht so recht aus den aus den Startl\u00f6chern zu kommen. Es fehlte immer wieder an Mitarbeitern, die sich in Ihrer Freizeit um den Handballsport bem\u00fchten.<\/div>\n<div style=\"text-align: left; margin-bottom: 25px;\"><strong>1992<\/strong> beschlo\u00df man die Zukunft gemeinsam zu gestalten. Bei dem Zusammenschlu\u00df am <strong>27.05.92<\/strong> wurde <strong>Christine Klingl<\/strong> als erste SG-Leiterin gew\u00e4hlt.<img decoding=\"async\" loading=\"lazy\" class=\"alignleft size-thumbnail wp-image-1286\" title=\"Christine Klingl\" src=\"http:\/\/www.sgschierling-langquaid.de\/handball\/wp-content\/uploads\/2012\/08\/klinglT-140x150.jpg\" alt=\"\" width=\"140\" height=\"150\" \/><br \/>\nZun\u00e4chst folgte ein vorsichtiges Abtasten von beiden Abteilungen. Die ehemaligen Schierlinger Funktion\u00e4re k\u00fcmmerten sich \u00fcberwiegend um das Vereinsleben. Zwei Jahre danach wurde eine Neuwahl einberufen um die Vereinsarbeit auf mehrer Schultern zu verteilen. Die Fusion entwickelte sich nur langsam, da beide Seiten noch zu sehr als Langquaider bzw. als Schierlinger dachten.<\/div>\n<div style=\"text-align: left; margin-bottom: 25px;\">Bei der Neuwahl am <strong>08.04.94<\/strong> wurde <strong>Wolfgang Ettlinger<\/strong> als SG Leiter gew\u00e4hlt und der Kreis der Funktion\u00e4re konnte <img decoding=\"async\" loading=\"lazy\" class=\"alignright size-full wp-image-1299\" title=\"Wolfgang Ettlinger\" src=\"http:\/\/www.sgschierling-langquaid.de\/handball\/wp-content\/uploads\/2012\/08\/bob1.jpg\" alt=\"\" width=\"130\" height=\"150\" \/>erweitert werden. Die Aufgaben wurden auf mehrere Schultern verteilt. Die Jugendarbeit in den Vordergrund gestellt.<br \/>\nDie <strong>SG Schierling\/Langquaid<\/strong> hat sich seit der Gr\u00fcndung kontinuierlich aufw\u00e4rts entwickelt. Es gibt zwar nicht die gro\u00dfen Erfolge und Meisterschaften bei Damen- oder Herrenmannschaften, aber gerade im Kinderhandball wird nun eine vollst\u00e4ndiger und kindergerechter Handballsport angeboten.<\/div>\n<div style=\"text-align: left; margin-bottom: 25px;\">Bei den <strong>Neuwahlen am 04.04.03<\/strong> stellte Wolfgang Ettlinger sein Amt als SG Leiter zur Verf\u00fcgung. Nach 9 Jahren an der Spitze der Handballer m\u00f6chte er eine etwas ruhigere Zeit anstreben. Allerdings zieht sich Wolfgang Ettlinger nicht komplett aus der Organisation zur\u00fcck. Bei den Wahlen stellt er sich f\u00fcr die \u00d6ffentlichkeitsarbeit zu Verf\u00fcgung. Neuer Mann an der Spitze, wird <strong>Berthold Kick<\/strong>. Er wird f\u00fcr die n\u00e4chsten drei Jahre die Spielgemeinschaft leiten. Bei den Wahlen wurde der Kreis der gew\u00e4hlten Funktionen wieder etwas gestrafft. Ziel ist es, der Arbeitskreis um eine Funktion soll von den Funktion\u00e4ren selbst erweitert werden k\u00f6nnen.<\/div>\n<div><img decoding=\"async\" loading=\"lazy\" title=\"Berthold Kick\" src=\"http:\/\/www.sgschierling-langquaid.de\/handball\/wp-content\/uploads\/2012\/08\/berthold-150x150.jpg\" alt=\"\" width=\"150\" height=\"150\" align=\"left\" \/><br \/>\nNach nur drei Jahren Amtszeit stellte Berthold Kick am <strong>07.04.06<\/strong> bei der Neuwahl sein Amt zur Verf\u00fcgung. <strong>Walter Heiligtag<\/strong> wurde als SG-Leiter gew\u00e4hlt. Auch B\u00e4rbel Kick stellte sich nach l\u00e4ngj\u00e4hriger Funktion als Kassenwart nicht mehr zu einer Neuwahl. Als neue Kassierin konnte Dana Langner von der Damenmannschaft gew\u00e4hlt werden. Ebenfalls neu in die F\u00fchrungscrew gew\u00e4hlt wurde Bettina Dogs, sie k\u00fcmmert sich fortan um die \u00d6ffentlichkeitsarbeit.<img decoding=\"async\" loading=\"lazy\" class=\"alignright size-thumbnail wp-image-1289\" title=\"Walter Heiligtag\" src=\"http:\/\/www.sgschierling-langquaid.de\/handball\/wp-content\/uploads\/2012\/08\/heiligtagW-140x150.jpg\" alt=\"\" width=\"140\" height=\"150\" \/><\/div>\n<div><\/div>\n<div>Im <strong>Juli 2008<\/strong> legten nach un\u00fcberwindbaren Differenzen ein Gro\u00dfteil der Funktion\u00e4re ihre \u00c4mter nieder. Die SG stand ohne F\u00fchrung da. Die Folge waren vorzeitige Neuwahlen oder das Ende der Handballgemeinschaft. Am <strong>19.09.2008<\/strong> wurde <strong>Wolfgang Ettlinger<\/strong> als SG-Leiter f\u00fcr die Restperiode gew\u00e4hlt. Daniel Spacek stellte sich als Stellvertreter zur Verf\u00fcgung, Uschi Schlepp\u00fcber als Technische Leitung und Alex Eder konnte als zus\u00e4tzlich Kraft f\u00fcr den Jugendbereich gewonnen werden.<\/div>\n<p>&nbsp;<\/p>\n<div><img decoding=\"async\" loading=\"lazy\" class=\"alignleft size-thumbnail wp-image-1290\" title=\"Daniel Spacek\" src=\"http:\/\/www.sgschierling-langquaid.de\/handball\/wp-content\/uploads\/2012\/08\/dane-115x150.jpg\" alt=\"\" width=\"115\" height=\"150\" \/>Nach kurzer \u00dcberbr\u00fcckungszeit folgte im <strong>April 2009<\/strong> wieder offizielle Wahlen. Nachdem Wolfgang Ettlinger schon im Jahre 2003 einen ruhigeren Weg einschlagen wollte, brauchte man einen neuen Kandidaten, der sich f\u00fcr das Amt des SG-Leiters zur Verf\u00fcgung stellte. Mit <strong>Daniel Spacek<\/strong> konnte eine junge Nachwuchskraft gewonnen werden. Einstimmig wurde Daniel Spacek f\u00fcr die n\u00e4chsten 3 Jahre gew\u00e4hlt. Als Stellvertreterin wurde <strong>Claudia Hahn<\/strong> aus der Damenmannschaft gew\u00e4hlt. Wolfgang Ettlinger \u00fcbernahm das Amt des Schriftf\u00fchrers und Manuela Haimerl wurde f\u00fcr die \u00d6ffentlichkeitsarbeit gewonnen. Der Rest der Mannschaft stellte sich zur Wiederwahl und wurde von den Mitglieder auch gew\u00e4hlt.<\/div>\n<div><\/div>\n<div style=\"text-align: left; margin-bottom: 25px;\">Aus pers\u00f6nlichen Gr\u00fcnden konnten Claudia Hahn (stellvertretende SG-Leitung) und Manuela Haimerl (\u00d6ffentlichkeitsarbeit) ihre \u00c4mter nicht mehr fortf\u00fchren. Die Mitglieder beschlossen in der Jahreshauptversammlung im April 2010 eine Nachwahl der Funktion\u00e4re. Als Stellvertreter konnte Wolfgang Ettlinger und f\u00fcr die \u00d6ffentlichkeitsarbeit Veronika V\u00f6lkl gewonnen werden.<\/div>\n<div><\/div>\n<div style=\"text-align: left; margin-bottom: 25px;\">Bei den Neuwahlen 2012 stellte sich Daniel Spacek nicht mehr zur Wahl. Als neuer SG-Leiter konnte <strong>Reinhold R\u00fcsing<\/strong> gewonnen werden. <img decoding=\"async\" loading=\"lazy\" class=\"alignright size-full wp-image-1291\" title=\"Reinhold R\u00fcsing\" src=\"http:\/\/www.sgschierling-langquaid.de\/handball\/wp-content\/uploads\/2012\/08\/nucki.jpg\" alt=\"\" width=\"114\" height=\"160\" \/>Stellvertreter wurde <strong>Thomas Olbrich<\/strong>. Da auch die langj\u00e4hrige Kassierin Dana Langner ihr Amt zur Verf\u00fcgung stellte, musste auch f\u00fcr dieses Amt ein neuer Kandidat gefunden werden. F\u00fcr das Amt konnte <strong>Sandra H\u00fcttner<\/strong> gewonnen werden.<\/div>\n<div style=\"text-align: left; margin-bottom: 25px;\">Reinhold R\u00fcsing stellte sich bei den Neuwahlen 2015 nicht mehr zur Verf\u00fcgung. Als neuer SG-Leiter konnte <strong>Thomas Olbrich<\/strong> gewonnen werden. <img decoding=\"async\" loading=\"lazy\" class=\" size-full wp-image-1205 alignleft\" src=\"http:\/\/www.sgschierling-langquaid.de\/handball\/wp-content\/uploads\/2015\/05\/Drops1.jpg\" alt=\"Drops\" width=\"114\" height=\"160\" \/>Stellvertreter wurde Wolfgang Ettlinger. Als Finanzchefin stellte sich B\u00e4rbel Kick wieder zur Verf\u00fcgung. Ebenso in ihrem Amt best\u00e4tigt wurde Tine Klingl und Vroni V\u00f6lkl. Daniel Spacek \u00fcbernahm das Amt des Technischen Leiters. In weiteren \u00c4mtern konnte einige Nachwuchkr\u00e4fte gewonnen werden. So wurde das Amt des Jugendleiters durch Stefan Klingl besetzt. Weitere Aufgaben \u00fcbernahmen Tobias K\u00e4ufl, Fabian Englbrecht und Philipp Lederer.<\/div>\n<div style=\"text-align: left; margin-bottom: 25px;\">Bei den Neuwahlen 2018 wurde Thomas Olbrich als SG Leiter f\u00fcr weitere 3 Jahre best\u00e4tigt. Ebenso konnten Wolfgang Ettlinger (Stellvertreter), Daniel Spacek (Technischer Leiter), Stefan Klingl (Jugendleiter), Fabian Englbrecht, Tobias K\u00e4ufl und Philipp Lederer in ihren \u00c4mtern best\u00e4tigt werden. Neu hinzu kamen Natalia Lerch (Finanzen), Sophia Unterpaintner (Mitgliederwesen), Julia Wellschmied Schriftf\u00fchrer, Anna Scheuerer (\u00d6ffentlichkeitsarbeit), Katrin Klingl (Kinderleitung) und Stefan K\u00e4ufl (Abtl. TV Schierling).<\/div>\n<div style=\"text-align: left; margin-bottom: 25px;\">\nReinhold R\u00fcsing stellte sich 2019 nicht mehr als Abteilungsleiter des TSV Langquaid zur Verf\u00fcgung. Als Ersatz konnte Andreas Daffner gefunden werden. Philipp Lederer und Christine Klingl wurden in ihren \u00c4mtern best\u00e4tigt.\n<\/div>\n<div style=\"text-align: left; margin-bottom: 25px;\">Bei den Neuwahlen 2021 wurde Thomas Olbrich als SG Leiter f\u00fcr weitere 3 Jahre best\u00e4tigt. Ebenso konnten Wolfgang Ettlinger (Stellvertreter), Daniel Spacek (Technischer Leiter), Stefan Klingl (Jugendleiter), Julia Klingl, Tobias und Stefan K\u00e4ufl und Andreas Daffner in ihren \u00c4mtern best\u00e4tigt werden. Neu hinzu kamen Mirjam Kahl (\u00d6ffentlichkeitsarbeit), Veronika Gmeinwieser (Stellv. Abt.Leiterin TSV Langquaid). Allgemein wurde der SG Ausschuss wieder etwas geschrumpft. Die Bereiche Kinderhandball und Vergn\u00fcgungswart wurde nicht mehr besetzt.<\/div>\n<div><\/div>\n<div style=\"text-align: left; margin-bottom: 25px;\">Auch 2024 wurde Thomas Olbrich bei den Neuwahlen f\u00fcr 3 Jahre als SG Leiter best\u00e4tigt. Wolfgang Ettlinger (Stellvertreter, Kassier) stellte sich nach \u00fcber 40 j\u00e4hriger Funktion\u00e4rst\u00e4tigkeit nicht mehr zur Wahl. Als Stellvertreter konnte Andreas Daffner gewonnen werden. Die Arbeit des Kassiers \u00fcbernimmt Kevin K\u00f6nig. Weiterhin konnten Daniel Spacek (Technischer Leiter), Stefan Klingl (Jugendleiter), Julia Klingl (Schriftf\u00fchrerin), Mirjam Kahl (\u00d6ffentlichkeitsarbeit) in ihren \u00c4mtern best\u00e4tigt werden. Ebenso wurde die Abteilungsleitung des TV Schierling mit Stefan K\u00e4ufl (Abt.Leiter) und Tobias K\u00e4ufl (Stellvertreter) im Amt best\u00e4tigt. Auch der Kassenpr\u00fcfer Walter Gmeinwieser stellte sich nach langj\u00e4hriger Funktion\u00e4rsarbeit nicht mehr zur Verf\u00fcgung, hier konnte Alexander Eder gewonnen werden.<\/div>\n<div><\/div>\n<div style=\"text-align: left; margin-bottom: 25px;\">Die <strong>SG Schierling\/Langquaid<\/strong> hat sich seit der Gr\u00fcndung kontinuierlich aufw\u00e4rts entwickelt. Es gibt zwar nicht die gro\u00dfen Erfolge und Meisterschaften bei Damen- oder Herrenmannschaften, aber gerade im Kinderhandball wird nun eine vollst\u00e4ndiger und kindergerechter Handballsport angeboten.<\/div>\n<\/div>\n<\/div>\n","protected":false},"excerpt":{"rendered":"<p>Die Abteilung Handball bildet seit 1992 eine Spielergemeinschaft mit der Handballabteilung des TV Schierling und tritt unter dem Namen SG Schierling\/Langquaid, Handball auf. Die SG hat sich seit der Gr\u00fcndung kontinuierlich aufw\u00e4rts entwickelt. Gerade im Jugendbereich arbeitet sich die SG voran. So konnten Damen- und Herrenmannschaften komplett mit dem eigenen Nachwuchs verj\u00fcngt werden. Im Kinderhandball wird nun ebenso ein vollst\u00e4ndiger [&#8230;]<\/p>\n","protected":false},"author":1,"featured_media":0,"parent":0,"menu_order":0,"comment_status":"closed","ping_status":"closed","template":"","meta":[],"_links":{"self":[{"href":"https:\/\/www.sgschierling-langquaid.de\/handball\/index.php?rest_route=\/wp\/v2\/pages\/4"}],"collection":[{"href":"https:\/\/www.sgschierling-langquaid.de\/handball\/index.php?rest_route=\/wp\/v2\/pages"}],"about":[{"href":"https:\/\/www.sgschierling-langquaid.de\/handball\/index.php?rest_route=\/wp\/v2\/types\/page"}],"author":[{"embeddable":true,"href":"https:\/\/www.sgschierling-langquaid.de\/handball\/index.php?rest_route=\/wp\/v2\/users\/1"}],"replies":[{"embeddable":true,"href":"https:\/\/www.sgschierling-langquaid.de\/handball\/index.php?rest_route=%2Fwp%2Fv2%2Fcomments&post=4"}],"version-history":[{"count":124,"href":"https:\/\/www.sgschierling-langquaid.de\/handball\/index.php?rest_route=\/wp\/v2\/pages\/4\/revisions"}],"predecessor-version":[{"id":3262,"href":"https:\/\/www.sgschierling-langquaid.de\/handball\/index.php?rest_route=\/wp\/v2\/pages\/4\/revisions\/3262"}],"wp:attachment":[{"href":"https:\/\/www.sgschierling-langquaid.de\/handball\/index.php?rest_route=%2Fwp%2Fv2%2Fmedia&parent=4"}],"curies":[{"name":"wp","href":"https:\/\/api.w.org\/{rel}","templated":true}]}}