{"id":2,"date":"2012-08-23T12:58:59","date_gmt":"2012-08-23T10:58:59","guid":{"rendered":"http:\/\/www.sgschierling-langquaid.de\/handball\/?page_id=2"},"modified":"2022-10-19T15:53:23","modified_gmt":"2022-10-19T13:53:23","slug":"beispiel-seite","status":"publish","type":"page","link":"https:\/\/www.sgschierling-langquaid.de\/handball\/?page_id=2","title":{"rendered":"Mannschaften"},"content":{"rendered":"<table border=\"0\">\n<tbody>\n<tr>\n<td style=\"font-family: 'Verdana'; font-style: normal; font-size: 16px; font-weight: bold; color: #2e5079; text-align: left;\">Herren<\/td>\n<\/tr>\n<tr><!--zweite Zeile - Bild der Mannschaft--><\/p>\n<td style=\"text-align: center;\"><img decoding=\"async\" loading=\"lazy\" src=\"http:\/\/www.sgschierling-langquaid.de\/handball\/wp-content\/uploads\/2022\/10\/Herren-22_23k.jpg\" alt=\"Herren 22\/23\" width=\"600\" height=\"400\" class=\"aligncenter size-full wp-image-3107\" srcset=\"https:\/\/www.sgschierling-langquaid.de\/handball\/wp-content\/uploads\/2022\/10\/Herren-22_23k.jpg 600w, https:\/\/www.sgschierling-langquaid.de\/handball\/wp-content\/uploads\/2022\/10\/Herren-22_23k-300x200.jpg 300w, https:\/\/www.sgschierling-langquaid.de\/handball\/wp-content\/uploads\/2022\/10\/Herren-22_23k-90x60.jpg 90w\" sizes=\"(max-width: 600px) 100vw, 600px\" \/><\/td>\n<\/tr>\n<p><!--dritte Zeile Beschreibung und Namen --><\/p>\n<tr>\n<td style=\"font-family: 'Verdana'; font-style: normal; font-size: 10px; font-weight: normal; color: #404040; text-align: left;\">\n<strong>Stehend:<\/strong> Fabian Englbrecht, Luca B\u00fcchel, Enrico Kellner, Dennis Bizcak, Philipp Lederer, Andreas Daffner, Hans Eder<br \/>\n<strong>Sitzend:<\/strong> Markus Nieberl, Florian Haage, Tobias K\u00e4ufl, Stefan K\u00e4ufl, Patrick Diermeier<br \/>\n<strong>Fehlend:<\/strong> Manuel Rathay, Fabian Mauch, Kevin K\u00f6nig, Stephan von Werther, Thomas Olbrich, Tobias Bl\u00fcml<br \/>\n<strong>Trainingszeiten:<\/strong><br \/>\nDienstag 20:15 Uhr &#8211; 21:45 Uhr MZH Schierling<br \/>\nDonnerstag 20:15 Uhr &#8211; 21:45 Uhr MZH Schierling<br \/>\n<strong>Trainer:<\/strong> Hans Eder<\/td>\n<\/tr>\n<p><!--vierte Zeile - Abstandshalter--><\/p>\n<tr>\n<td height=\"10\"><\/td>\n<\/tr>\n<p><!--Bereich Ende einer Mannschaft --><!-- --><!--Bereich Start einer Mannschaft--><!--erste Zeile - welche Mannschaft--><\/p>\n<tr>\n<td style=\"font-family: 'Verdana'; font-style: normal; font-size: 16px; font-weight: bold; color: #2e5079; text-align: left;\">Damen<\/td>\n<\/tr>\n<p><!--zweite Zeile - Bild der Mannschaft--><\/p>\n<tr>\n<td style=\"text-align: center;\"><img decoding=\"async\" loading=\"lazy\" src=\"http:\/\/www.sgschierling-langquaid.de\/handball\/wp-content\/uploads\/2022\/10\/Damen-22_23k.jpg\" alt=\"Damen 22\/23\" width=\"626\" height=\"417\" class=\"aligncenter size-full wp-image-3105\" srcset=\"https:\/\/www.sgschierling-langquaid.de\/handball\/wp-content\/uploads\/2022\/10\/Damen-22_23k.jpg 626w, https:\/\/www.sgschierling-langquaid.de\/handball\/wp-content\/uploads\/2022\/10\/Damen-22_23k-300x200.jpg 300w, https:\/\/www.sgschierling-langquaid.de\/handball\/wp-content\/uploads\/2022\/10\/Damen-22_23k-90x60.jpg 90w\" sizes=\"(max-width: 626px) 100vw, 626px\" \/><\/td>\n<\/tr>\n<p><!--dritte Zeile Beschreibung und Namen--><\/p>\n<tr>\n<td style=\"font-family: 'Verdana'; font-style: normal; font-size: 10px; font-weight: normal; color: #404040; text-align: left;\"><strong>Stehend:<\/strong> Tobias K\u00e4ufl, Julia Olbrich, Lena Niess, Juliane Gascher, Sonja Diermeier, Lena Diermeier, Lena Wittmann, Alina Miedl, Kathrin Klingl, Wilfried Kellner<br \/>\n<strong>Sitzend:<\/strong> Mirjam Kahl, Sophia Englbrecht, Nicole Eder, Lea Hammerl, Anna Scheuerer, Yvonne Jahn, Sophia Unterpaintner, Kathrin Haage, Katrin Fr\u00f6hlich<br \/>\n<strong>Fehlend:<\/strong> Emilia Unterpaintner, Lisa Angler, Sandra H\u00fcttner, Julia Klingl, Anna Englbrecht, Veronika Gmeinwieser, Laura Pautz, Emily Kroiss, Kathrin Butz, Katja Birk, Lena Weber<strong><br \/>\nTrainingszeiten:<\/strong><br \/>\nMontag 20:15 Uhr &#8211; 21:45 Uhr Langquaid<br \/>\nMittwoch 20:15 Uhr &#8211; 21:45 Uhr MZH Schierling<br \/>\n<strong>Trainer:<\/strong> Kellner Wilfried, Tobias K\u00e4ufl<\/td>\n<\/tr>\n<p><!--vierte Zeile - Abstandshalter--><\/p>\n<tr>\n<td height=\"10\"><\/td>\n<\/tr>\n<p><!--Bereich Ende einer Mannschaft --><br \/>\n<!-- --><br \/>\n<!--Bereich Anfang einer Mannschaft--><!--erste Zeile - welche Mannschaft--><\/p>\n<tr>\n<td style=\"font-family: 'Verdana'; font-style: normal; font-size: 16px; font-weight: bold; color: #2e5079; text-align: left;\">B.JugendM<\/td>\n<\/tr>\n<p><!--zweite Zeile - Bild der Mannschaft--><\/p>\n<tr>\n<td style=\"text-align: center;\"><img decoding=\"async\" loading=\"lazy\" src=\"http:\/\/www.sgschierling-langquaid.de\/handball\/wp-content\/uploads\/2022\/10\/B_JugendM-22_23k.jpg\" alt=\"B.Jugend(m)\" width=\"600\" height=\"400\" class=\"aligncenter size-full wp-image-3108\" srcset=\"https:\/\/www.sgschierling-langquaid.de\/handball\/wp-content\/uploads\/2022\/10\/B_JugendM-22_23k.jpg 600w, https:\/\/www.sgschierling-langquaid.de\/handball\/wp-content\/uploads\/2022\/10\/B_JugendM-22_23k-300x200.jpg 300w, https:\/\/www.sgschierling-langquaid.de\/handball\/wp-content\/uploads\/2022\/10\/B_JugendM-22_23k-90x60.jpg 90w\" sizes=\"(max-width: 600px) 100vw, 600px\" \/><\/td>\n<\/tr>\n<p><!--dritte Zeile Beschreibung und Namen --><\/p>\n<tr>\n<td style=\"font-family: 'Verdana'; font-style: normal; font-size: 10px; font-weight: normal; color: #404040; text-align: left;\"><strong>Stehend:<\/strong> Paul Butz, Jonas Altsch\u00e4ffel, Bastian Daller, Valentin Butz, Jakob Frase, Philip Olbrich, Felix Gussmann<br \/>\n<strong>Sitzend:<\/strong> Anna Scheuerer (Trainerin), Fabian Plank, Norbert Spinar, Linus Eisenreich, Nicholas Holzer, Peter Plank, Kathrin Klingl (Trainerin)<br \/>\n<strong>Fehlend:<\/strong> Melik \u00d6zdurdu<br \/>\n<strong>Trainingszeiten:<\/strong><br \/>\nMittwoch 17:15 &#8211; 18:45 MZH Schierling<br \/>\n<strong>Trainer*innen:<\/strong> Kathrin Klingl, Anna Scheuerer<\/td>\n<\/tr>\n<p><!--vierte Zeile - Abstandshalter--><\/p>\n<tr>\n<td height=\"10\"><\/td>\n<\/tr>\n<p><!--Bereich Ende einer Mannschaft --><!-- --><!--Bereich Anfang einer Mannschaft--><!--erste Zeile - welche Mannschaft--><\/p>\n<tr>\n<td style=\"font-family: 'Verdana'; font-style: normal; font-size: 16px; font-weight: bold; color: #2e5079; text-align: left;\">B.JugendW<\/td>\n<\/tr>\n<p><!--zweite Zeile - Bild der Mannschaft--><\/p>\n<tr>\n<td style=\"text-align: center;\"><img decoding=\"async\" loading=\"lazy\" src=\"http:\/\/www.sgschierling-langquaid.de\/handball\/wp-content\/uploads\/2022\/10\/B_JugendW-22_23k.jpg\" alt=\"B.Jugend(w)\" width=\"600\" height=\"400\" class=\"aligncenter size-full wp-image-3101\" srcset=\"https:\/\/www.sgschierling-langquaid.de\/handball\/wp-content\/uploads\/2022\/10\/B_JugendW-22_23k.jpg 600w, https:\/\/www.sgschierling-langquaid.de\/handball\/wp-content\/uploads\/2022\/10\/B_JugendW-22_23k-300x200.jpg 300w, https:\/\/www.sgschierling-langquaid.de\/handball\/wp-content\/uploads\/2022\/10\/B_JugendW-22_23k-90x60.jpg 90w\" sizes=\"(max-width: 600px) 100vw, 600px\" \/><\/td>\n<\/tr>\n<p><!--dritte Zeile Beschreibung und Namen --><\/p>\n<tr>\n<td style=\"font-family: 'Verdana'; font-style: normal; font-size: 10px; font-weight: normal; color: #404040; text-align: left;\">\n<strong>Stehend von links:<\/strong> Stefan K\u00e4ufl, Philipp Lederer<br \/>\n<strong>Sitzend von links:<\/strong> <br \/>\n<strong>Trainingszeiten: <\/strong><br \/>\nMittwoch 18:45 &#8211; 20:15 MZH Schierling<br \/>\n<strong>Trainer.<\/strong> Stefan K\u00e4ufl, Philipp Lederer<\/td>\n<\/tr>\n<p><!--vierte Zeile - Abstandshalter--><\/p>\n<tr>\n<td height=\"10\"><\/td>\n<\/tr>\n<p><!--Bereich Ende einer Mannschaft --><!-- --><!--Bereich Anfang einer Mannschaft--><!--erste Zeile - welche Mannschaft--><\/p>\n<tr>\n<td style=\"font-family: 'Verdana'; font-style: normal; font-size: 16px; font-weight: bold; color: #2e5079; text-align: left;\">C.JugendW<\/td>\n<\/tr>\n<p><!--zweite Zeile - Bild der Mannschaft--><\/p>\n<tr>\n<td style=\"text-align: center;\"><<img decoding=\"async\" loading=\"lazy\" src=\"http:\/\/www.sgschierling-langquaid.de\/handball\/wp-content\/uploads\/2022\/10\/C_JugendW-22_23k.jpg\" alt=\"C.Jugend(w)\" width=\"600\" height=\"400\" class=\"aligncenter size-full wp-image-3102\" srcset=\"https:\/\/www.sgschierling-langquaid.de\/handball\/wp-content\/uploads\/2022\/10\/C_JugendW-22_23k.jpg 600w, https:\/\/www.sgschierling-langquaid.de\/handball\/wp-content\/uploads\/2022\/10\/C_JugendW-22_23k-300x200.jpg 300w, https:\/\/www.sgschierling-langquaid.de\/handball\/wp-content\/uploads\/2022\/10\/C_JugendW-22_23k-90x60.jpg 90w\" sizes=\"(max-width: 600px) 100vw, 600px\" \/><\/td>\n<\/tr>\n<p><!--dritte Zeile Beschreibung und Namen --><\/p>\n<tr>\n<td style=\"font-family: 'Verdana'; font-style: normal; font-size: 10px; font-weight: normal; color: #404040; text-align: left;\">\n<strong>Stehend:<\/strong> Yvonne Jahn, Julia Schinhanl, Leonie Breundl, Lea Rother, Helena Pindl, Bettina Birkner, Sophia Unterpaintner<br \/>\n<strong>Sitzend:<\/strong> Lea Bl\u00fcml, Marlene Gruber, Silvia Gruber, Vivienne Kr\u00fcger, Daniela Eder, Melanie Huber <br \/>\n<strong>Fehlend:<\/strong> Victoria Koltan und Jasmin Juszczyk<br \/>\n<strong>Trainingszeiten:<\/strong><br \/>\nDienstag 17:15 Uhr &#8211; 18:30 Uhr MZH Schierling<br \/>\n<strong>Trainer*innen.<\/strong> Yvonne Jahn, Sophia Unterpaintner<\/td>\n<\/tr>\n<p><!--vierte Zeile - Abstandshalter--><\/p>\n<tr>\n<td height=\"10\"><\/td>\n<\/tr>\n<p><!--Bereich Ende einer Mannschaft --><!-- --><!--Bereich Anfang einer Mannschaft--><!--erste Zeile - welche Mannschaft--><\/p>\n<tr>\n<td style=\"font-family: 'Verdana'; font-style: normal; font-size: 16px; font-weight: bold; color: #2e5079; text-align: left;\">D.JugendW<\/td>\n<\/tr>\n<p><!--zweite Zeile - Bild der Mannschaft--><\/p>\n<tr>\n<td style=\"text-align: center;\"><img decoding=\"async\" loading=\"lazy\" src=\"http:\/\/www.sgschierling-langquaid.de\/handball\/wp-content\/uploads\/2022\/10\/D_JugendW-22_23k.jpg\" alt=\"D.Jugend(w)\" width=\"560\" height=\"420\" class=\"aligncenter size-full wp-image-3104\" srcset=\"https:\/\/www.sgschierling-langquaid.de\/handball\/wp-content\/uploads\/2022\/10\/D_JugendW-22_23k.jpg 560w, https:\/\/www.sgschierling-langquaid.de\/handball\/wp-content\/uploads\/2022\/10\/D_JugendW-22_23k-300x225.jpg 300w\" sizes=\"(max-width: 560px) 100vw, 560px\" \/><\/td>\n<\/tr>\n<p><!--dritte Zeile Beschreibung und Namen --><\/p>\n<tr>\n<td style=\"font-family: 'Verdana'; font-style: normal; font-size: 10px; font-weight: normal; color: #404040; text-align: left;\">\n<strong>Stehend:<\/strong> Reinhold R\u00fcsing, Anna-Lena Gaa\u00df, Josepha Wagner, Antonia Imstetter, Laura Potuschnik, Julia Sawinska, Hanna Daller, Miriam Scigala, Sophia Englbrecht <br \/>\n<strong>Vorne:<\/strong> Katharina Berger, Daria Maxim, Sophie Zellweger <br \/>\n<strong>Trainingszeiten:<\/strong><br \/>\nDienstag 17:15 Uhr &#8211; 18:15 Uhr MZH Schierling<br \/>\n<strong>Trainer*in.<\/strong> Reinhold R\u00fcsing, Sophia Englbrecht<\/td>\n<\/tr>\n<\/tr>\n<p><!--vierte Zeile - Abstandshalter--><\/p>\n<tr>\n<td height=\"10\"><\/td>\n<\/tr>\n<p><!--Bereich Ende einer Mannschaft --><!-- --><!--Bereich Anfang einer Mannschaft--><!--erste Zeile - welche Mannschaft--><\/p>\n<tr>\n<td style=\"font-family: 'Verdana'; font-style: normal; font-size: 16px; font-weight: bold; color: #2e5079; text-align: left;\">D.JugendM<\/td>\n<\/tr>\n<p><!--zweite Zeile - Bild der Mannschaft--><\/p>\n<tr>\n<td style=\"text-align: center;\"><img decoding=\"async\" loading=\"lazy\" src=\"http:\/\/www.sgschierling-langquaid.de\/handball\/wp-content\/uploads\/2022\/10\/D_JugendM-22_23k.jpeg\" alt=\"D.Jugend(m)\" width=\"737\" height=\"490\" class=\"aligncenter size-full wp-image-3103\" srcset=\"https:\/\/www.sgschierling-langquaid.de\/handball\/wp-content\/uploads\/2022\/10\/D_JugendM-22_23k.jpeg 737w, https:\/\/www.sgschierling-langquaid.de\/handball\/wp-content\/uploads\/2022\/10\/D_JugendM-22_23k-300x199.jpeg 300w, https:\/\/www.sgschierling-langquaid.de\/handball\/wp-content\/uploads\/2022\/10\/D_JugendM-22_23k-90x60.jpeg 90w\" sizes=\"(max-width: 737px) 100vw, 737px\" \/><\/td>\n<\/tr>\n<p><!--dritte Zeile Beschreibung und Namen --><\/p>\n<tr>\n<td style=\"font-family: 'Verdana'; font-style: normal; font-size: 10px; font-weight: normal; color: #404040; text-align: left;\">\n<strong>Auf der Bank stehend:<\/strong> Max Korber; Hannes Piendl; Fabian Schiegl; Luis Daller <br \/>\n<strong>Stehend:<\/strong> Norbert Spinar; Luis H\u00f6pfl; Bartek Kozyra; Paul J\u00e4hnig; Jonas Altsch\u00e4ffel<br \/>\n<strong>Sitzend:<\/strong> Timo Altsch\u00e4ffel<br \/>\n<strong>Fehlend:<\/strong> Stefanie Altsch\u00e4ffel (Trainer); Maksymilian Klimczak<br \/>\n<strong>Trainingszeiten:<\/strong><br \/>\nDienstag 17:15 Uhr &#8211; 18:15 Uhr MZH Schierling<br \/>\n<strong>Trainer.<\/strong> Jonas Altsch\u00e4ffel, Norbert Spinar<\/td>\n<\/tr>\n<p><!--vierte Zeile - Abstandshalter--><\/p>\n<tr>\n<td height=\"10\"><\/td>\n<\/tr>\n<p><!--Bereich Ende einer Mannschaft --><!-- --><!--Bereich Anfang einer Mannschaft--><!--erste Zeile - welche Mannschaft--><\/p>\n<tr>\n<td style=\"font-family: 'Verdana'; font-style: normal; font-size: 16px; font-weight: bold; color: #2e5079; text-align: left;\">E.JugendGem<\/td>\n<\/tr>\n<p><!--zweite Zeile - Bild der Mannschaft--><\/p>\n<tr>\n<td style=\"text-align: center;\"><<img decoding=\"async\" loading=\"lazy\" src=\"http:\/\/www.sgschierling-langquaid.de\/handball\/wp-content\/uploads\/2022\/10\/E_JugendG-22_23k.jpg\" alt=\"E.Jugend(g)\" width=\"682\" height=\"454\" class=\"aligncenter size-full wp-image-3106\" srcset=\"https:\/\/www.sgschierling-langquaid.de\/handball\/wp-content\/uploads\/2022\/10\/E_JugendG-22_23k.jpg 682w, https:\/\/www.sgschierling-langquaid.de\/handball\/wp-content\/uploads\/2022\/10\/E_JugendG-22_23k-300x200.jpg 300w, https:\/\/www.sgschierling-langquaid.de\/handball\/wp-content\/uploads\/2022\/10\/E_JugendG-22_23k-90x60.jpg 90w\" sizes=\"(max-width: 682px) 100vw, 682px\" \/><\/td>\n<\/tr>\n<p><!--dritte Zeile Beschreibung und Namen --><\/p>\n<tr>\n<td style=\"font-family: 'Verdana'; font-style: normal; font-size: 10px; font-weight: normal; color: #404040; text-align: left;\">\n<strong>Stehend:<\/strong> Nina Spacek, Lena Wittmann, Theresa Schinhanl, Julia Berger, Hanna Kauczor, Lisa, Angler <br \/>\n<strong>Sitzend:<\/strong> Olivia Maier, Oliver Schachtlbauer, Emma Bachmeier, Sophia Bursian, Julian Spacek, Pauline Bauer, Nina Seebauer<br \/>\n<strong>Liegend:<\/strong> Florian Gaa\u00df und Korbinian Daller<br \/>\n<strong>Trainingszeiten:<\/strong><br \/>\nDonnerstag 17:15 Uhr &#8211; 18:15 Uhr MZH Schierling<br \/>\n<strong>Trainer*innen: <\/strong>Lisa Lederer, Nina Spacek, Lena Wittmann<\/td>\n<\/tr>\n<p><!--vierte Zeile - Abstandshalter--><\/p>\n<tr>\n<td height=\"10\"><\/td>\n<\/tr>\n<p><!--Bereich Ende einer Mannschaft --><!-- --><!--Bereich Anfang einer Mannschaft--><!--erste Zeile - welche Mannschaft--><\/p>\n<tr>\n<td style=\"font-family: 'Verdana'; font-style: normal; font-size: 16px; font-weight: bold; color: #2e5079; text-align: left;\">Mini<\/td>\n<\/tr>\n<p><!--zweite Zeile - Bild der Mannschaft--><\/p>\n<tr>\n<td style=\"text-align: center;\"><img decoding=\"async\" loading=\"lazy\" class=\"aligncenter size-full wp-image-2941\" src=\"http:\/\/www.sgschierling-langquaid.de\/handball\/wp-content\/uploads\/2021\/10\/Mini01_h.jpg\" alt=\"\" width=\"781\" height=\"310\" srcset=\"https:\/\/www.sgschierling-langquaid.de\/handball\/wp-content\/uploads\/2021\/10\/Mini01_h.jpg 781w, https:\/\/www.sgschierling-langquaid.de\/handball\/wp-content\/uploads\/2021\/10\/Mini01_h-300x119.jpg 300w, https:\/\/www.sgschierling-langquaid.de\/handball\/wp-content\/uploads\/2021\/10\/Mini01_h-768x305.jpg 768w\" sizes=\"(max-width: 781px) 100vw, 781px\" \/><\/td>\n<\/tr>\n<p><!--dritte Zeile Beschreibung und Namen --><\/p>\n<tr>\n<td style=\"font-family: 'Verdana'; font-style: normal; font-size: 10px; font-weight: normal; color: #404040; text-align: left;\">\n<strong>Trainingszeiten:<\/strong><br \/>\nDienstag 16:00 Uhr &#8211; 17:00 Uhr MZH Schierling<br \/>\n<strong>Trainer*innen.<\/strong> Anna Englbrecht, Julia Klingl, Nicole Eder, Steffi Altsch\u00e4ffel\n<\/td>\n<\/tr>\n<p><!--vierte Zeile - Abstandshalter--><\/p>\n<tr>\n<td height=\"10\"><\/td>\n<\/tr>\n<\/tbody>\n<\/table>\n","protected":false},"excerpt":{"rendered":"<p>Herren Stehend: Fabian Englbrecht, Luca B\u00fcchel, Enrico Kellner, Dennis Bizcak, Philipp Lederer, Andreas Daffner, Hans Eder Sitzend: Markus Nieberl, Florian Haage, Tobias K\u00e4ufl, Stefan K\u00e4ufl, Patrick Diermeier Fehlend: Manuel Rathay, Fabian Mauch, Kevin K\u00f6nig, Stephan von Werther, Thomas Olbrich, Tobias Bl\u00fcml Trainingszeiten: Dienstag 20:15 Uhr &#8211; 21:45 Uhr MZH Schierling Donnerstag 20:15 Uhr &#8211; 21:45 Uhr MZH Schierling Trainer: Hans [&#8230;]<\/p>\n","protected":false},"author":1,"featured_media":0,"parent":0,"menu_order":2,"comment_status":"closed","ping_status":"closed","template":"","meta":[],"_links":{"self":[{"href":"https:\/\/www.sgschierling-langquaid.de\/handball\/index.php?rest_route=\/wp\/v2\/pages\/2"}],"collection":[{"href":"https:\/\/www.sgschierling-langquaid.de\/handball\/index.php?rest_route=\/wp\/v2\/pages"}],"about":[{"href":"https:\/\/www.sgschierling-langquaid.de\/handball\/index.php?rest_route=\/wp\/v2\/types\/page"}],"author":[{"embeddable":true,"href":"https:\/\/www.sgschierling-langquaid.de\/handball\/index.php?rest_route=\/wp\/v2\/users\/1"}],"replies":[{"embeddable":true,"href":"https:\/\/www.sgschierling-langquaid.de\/handball\/index.php?rest_route=%2Fwp%2Fv2%2Fcomments&post=2"}],"version-history":[{"count":212,"href":"https:\/\/www.sgschierling-langquaid.de\/handball\/index.php?rest_route=\/wp\/v2\/pages\/2\/revisions"}],"predecessor-version":[{"id":3120,"href":"https:\/\/www.sgschierling-langquaid.de\/handball\/index.php?rest_route=\/wp\/v2\/pages\/2\/revisions\/3120"}],"wp:attachment":[{"href":"https:\/\/www.sgschierling-langquaid.de\/handball\/index.php?rest_route=%2Fwp%2Fv2%2Fmedia&parent=2"}],"curies":[{"name":"wp","href":"https:\/\/api.w.org\/{rel}","templated":true}]}}