{"id":188,"date":"2012-08-25T18:08:55","date_gmt":"2012-08-25T16:08:55","guid":{"rendered":"http:\/\/www.sgschierling-langquaid.de\/handball\/?page_id=188"},"modified":"2023-02-17T09:58:27","modified_gmt":"2023-02-17T08:58:27","slug":"spielplane","status":"publish","type":"page","link":"https:\/\/www.sgschierling-langquaid.de\/handball\/?page_id=188","title":{"rendered":"Spielpl\u00e4ne"},"content":{"rendered":"<p><img decoding=\"async\" src=\"http:\/\/www.sgschierling-langquaid.de\/handball\/wp-content\/uploads\/2015\/07\/HETermine.jpg\" alt=\"Spieltermine der SG Schierling\/Langquaid\" \/><br \/>\n<!--\n\n<div style=\"margin-top: 25px; margin-bottom: 5px; margin-right: 70px;\"><img decoding=\"async\" loading=\"lazy\" class=\"aligncenter size-full wp-image-1705\" title=\"Mini002\" src=\"http:\/\/www.sgschierling-langquaid.de\/handball\/wp-content\/uploads\/2012\/10\/Mini0021.jpg\" alt=\"\" width=\"600\" height=\"215\" \/><\/div>\n\n--><\/p>\n<p align=\"center\">Die Links f\u00fchren dich auf die nuLiga &#8211; Seiten zu den aktuellen Tabellen und Spielpl\u00e4ne.<\/p>\n<table style=\"outline: none;\" width=\"100%\">\n<tbody>\n<tr>\n<td style=\"font-family: Verdana; font-size: 12pt; font-weight: bold; border-color: #ffffff; background-color: #ffffff; outline: none;\" colspan=\"2\">Tabellen<\/td>\n<td style=\"font-family: Verdana; font-size: 12pt; font-weight: bold; border-color: #ffffff; background-color: #ffffff; outline: none;\" colspan=\"2\">Spielpl\u00e4ne<\/td>\n<td style=\"font-family: Verdana; font-size: 12pt; font-weight: bold; border-color: #ffffff; background-color: #ffffff; outline: none;\" colspan=\"2\">Adressen<\/td>\n<\/tr>\n<tr>\n<td style=\"font-family: Verdana; font-size: 11pt; font-weight: normal; border-color: #ffffff; background-color: #ffffff; outline: none;\" width=\"10\"><\/td>\n<p><!--Herren Tabelle--><\/p>\n<td style=\"font-family: Verdana; font-size: 11pt; font-weight: normal; border-color: #ffffff; background-color: #ffffff; outline: none;\" width=\"*\"><a title=\"Herren\" href=\"https:\/\/bhv-handball.liga.nu\/cgi-bin\/WebObjects\/nuLigaHBDE.woa\/wa\/groupPage?displayTyp=gesamt&#038;displayDetail=table&#038;championship=OS+2022%2F23&#038;group=301163\" target=\"_blank\" rel=\"noopener\">Herren<\/a><\/td>\n<td style=\"font-family: Verdana; font-size: 121t; font-weight: normal; border-color: #ffffff; background-color: #ffffff; outline: none;\" width=\"10\"><\/td>\n<p><!--Herren Spielplan--><\/p>\n<td style=\"font-family: Verdana; font-size: 11pt; font-weight: normal; border-color: #ffffff; background-color: #ffffff; outline: none;\" width=\"*\"><a title=\"Herren\" href=\"https:\/\/bhv-handball.liga.nu\/cgi-bin\/WebObjects\/nuLigaHBDE.woa\/wa\/groupPage?displayTyp=gesamt&#038;displayDetail=meetings&#038;championship=OS+2022%2F23&#038;group=301163\" target=\"_blank\" rel=\"noopener\">Herren<\/a><\/td>\n<td style=\"font-family: Verdana; font-size: 121t; font-weight: normal; border-color: #ffffff; background-color: #ffffff; outline: none;\" width=\"10\"><\/td>\n<td style=\"font-family: Verdana; font-size: 11pt; font-weight: normal; border-color: #ffffff; background-color: #ffffff; outline: none;\" width=\"*\"><a title=\"Vereinsadressen\" href=\"https:\/\/bhv-handball.liga.nu\/cgi-bin\/WebObjects\/nuLigaHBDE.woa\/wa\/clubSearch?searchPattern=DE.SO.01.04&#038;federation=BHV&#038;regionName=Ostbayern&#038;federations=BHV\" target=\"_blank\" rel=\"noopener\">Vereine<\/a><\/td>\n<\/tr>\n<tr>\n<td style=\"font-family: Verdana; font-size: 11pt; font-weight: normal; border-color: #ffffff; background-color: #ffffff; outline: none;\" width=\"10\"><\/td>\n<p><!--Damen Tabelle--><\/p>\n<td style=\"font-family: Verdana; font-size: 11pt; font-weight: normal; border-color: #ffffff; background-color: #ffffff; outline: none;\" width=\"*\"><a title=\"Damen\" href=\"https:\/\/bhv-handball.liga.nu\/cgi-bin\/WebObjects\/nuLigaHBDE.woa\/wa\/groupPage?displayTyp=gesamt&#038;displayDetail=table&#038;championship=OS+2022%2F23&#038;group=300823\" target=\"_blank\" rel=\"noopener\">Damen<\/a><\/td>\n<td style=\"font-family: Verdana; font-size: 121t; font-weight: normal; border-color: #ffffff; background-color: #ffffff; outline: none;\" width=\"10\"><\/td>\n<p><!--Damen Spielplan--><\/p>\n<td style=\"font-family: Verdana; font-size: 11pt; font-weight: normal; border-color: #ffffff; background-color: #ffffff; outline: none;\" width=\"*\"><a title=\"Damen\" href=\"https:\/\/bhv-handball.liga.nu\/cgi-bin\/WebObjects\/nuLigaHBDE.woa\/wa\/groupPage?displayTyp=gesamt&#038;displayDetail=meetings&#038;championship=OS+2022%2F23&#038;group=300823\" target=\"_blank\" rel=\"noopener\">Damen<\/a><\/td>\n<td style=\"font-family: Verdana; font-size: 121t; font-weight: normal; border-color: #ffffff; background-color: #ffffff; outline: none;\" width=\"10\"><\/td>\n<td style=\"font-family: Verdana; font-size: 11pt; font-weight: normal; border-color: #ffffff; background-color: #ffffff; outline: none;\" width=\"*\"><a title=\"Hallen\" href=\"https:\/\/bhv-handball.liga.nu\/cgi-bin\/WebObjects\/nuLigaHBDE.woa\/wa\/locationSearch?searchPattern=DE.SO.01.04&#038;federation=BHV&#038;regionName=Ostbayern&#038;federations=BHV\" target=\"_blank\" rel=\"noopener\">Hallen<\/a><\/td>\n<\/tr>\n<tr>\n<td style=\"font-family: Verdana; font-size: 11pt; font-weight: normal; border-color: #ffffff; background-color: #ffffff; outline: none;\" width=\"10\"><\/td>\n<p><!--A.Jugend weibl. Tabelle--><\/p>\n<td style=\"font-family: Verdana; font-size: 11pt; font-weight: normal; border-color: #ffffff; background-color: #ffffff; outline: none;\" width=\"*\"><a title=\"B.Jugend(w)\" href=\"https:\/\/bhv-handball.liga.nu\/cgi-bin\/WebObjects\/nuLigaHBDE.woa\/wa\/groupPage?displayTyp=gesamt&#038;displayDetail=table&#038;championship=BHV+2022%2F23&#038;group=305323\" target=\"_blank\" rel=\"noopener\">B.Jugend(w)<\/a><\/td>\n<td style=\"font-family: Verdana; font-size: 121t; font-weight: normal; border-color: #ffffff; background-color: #ffffff; outline: none;\" width=\"10\"><\/td>\n<p><!--A.Jugend weibl. Spielplan--><\/p>\n<td style=\"font-family: Verdana; font-size: 11pt; font-weight: normal; border-color: #ffffff; background-color: #ffffff; outline: none;\" width=\"*\"><a title=\"B.Jugend(w)\" href=\"https:\/\/bhv-handball.liga.nu\/cgi-bin\/WebObjects\/nuLigaHBDE.woa\/wa\/groupPage?displayTyp=gesamt&#038;displayDetail=meetings&#038;championship=BHV+2022%2F23&#038;group=305323\" target=\"_blank\" rel=\"noopener\">B.Jugend(w)<\/a><\/td>\n<td style=\"font-family: Verdana; font-size: 121t; font-weight: normal; border-color: #ffffff; background-color: #ffffff; outline: none;\" width=\"10\"><\/td>\n<td style=\"font-family: Verdana; font-size: 11pt; font-weight: normal; border-color: #ffffff; background-color: #ffffff; outline: none;\" width=\"*\">&nbsp;<\/td>\n<\/tr>\n<tr>\n<td style=\"font-family: Verdana; font-size: 11pt; font-weight: normal; border-color: #ffffff; background-color: #ffffff; outline: none;\" width=\"10\"><\/td>\n<p><!--A.Jugend weibl. Tabelle--><\/p>\n<td style=\"font-family: Verdana; font-size: 11pt; font-weight: normal; border-color: #ffffff; background-color: #ffffff; outline: none;\" width=\"*\"><a title=\"B.Jugend(m)\" href=\"https:\/\/bhv-handball.liga.nu\/cgi-bin\/WebObjects\/nuLigaHBDE.woa\/wa\/groupPage?displayTyp=gesamt&#038;displayDetail=table&#038;championship=BHV+2022%2F23&#038;group=305311\" target=\"_blank\" rel=\"noopener\">B.Jugend(m)<\/a><\/td>\n<td style=\"font-family: Verdana; font-size: 121t; font-weight: normal; border-color: #ffffff; background-color: #ffffff; outline: none;\" width=\"10\"><\/td>\n<p><!--A.Jugend weibl. Spielplan--><\/p>\n<td style=\"font-family: Verdana; font-size: 11pt; font-weight: normal; border-color: #ffffff; background-color: #ffffff; outline: none;\" width=\"*\"><a title=\"B.Jugend(m)\" href=\"https:\/\/bhv-handball.liga.nu\/cgi-bin\/WebObjects\/nuLigaHBDE.woa\/wa\/groupPage?displayTyp=gesamt&#038;displayDetail=meetings&#038;championship=BHV+2022%2F23&#038;group=305311\" target=\"_blank\" rel=\"noopener\">B.Jugend(m)<\/a><\/td>\n<td style=\"font-family: Verdana; font-size: 121t; font-weight: normal; border-color: #ffffff; background-color: #ffffff; outline: none;\" width=\"10\"><\/td>\n<td style=\"font-family: Verdana; font-size: 11pt; font-weight: normal; border-color: #ffffff; background-color: #ffffff; outline: none;\" width=\"*\">&nbsp;<\/td>\n<\/tr>\n<p><!--C.Jugend weibl.--><\/p>\n<tr>\n<td style=\"font-family: Verdana; font-size: 11pt; font-weight: normal; border-color: #ffffff; background-color: #ffffff; outline: none;\" width=\"10\"><\/td>\n<p><!--C.Jugend weibl. Tabelle--><\/p>\n<td style=\"font-family: Verdana; font-size: 11pt; font-weight: normal; border-color: #ffffff; background-color: #ffffff; outline: none;\" width=\"*\"><a title=\"C.Jugend(w)\" href=\"https:\/\/bhv-handball.liga.nu\/cgi-bin\/WebObjects\/nuLigaHBDE.woa\/wa\/groupPage?displayTyp=gesamt&#038;displayDetail=table&#038;championship=BHV+2022%2F23&#038;group=305330\" target=\"_blank\" rel=\"noopener\">C.Jugend(w)<\/a><\/td>\n<td style=\"font-family: Verdana; font-size: 121t; font-weight: normal; border-color: #ffffff; background-color: #ffffff; outline: none;\" width=\"10\"><\/td>\n<p><!--C.Jugend weibl. Spielplan--><\/p>\n<td style=\"font-family: Verdana; font-size: 11pt; font-weight: normal; border-color: #ffffff; background-color: #ffffff; outline: none;\" width=\"*\"><a title=\"C.Jugend(w)\" href=\"https:\/\/bhv-handball.liga.nu\/cgi-bin\/WebObjects\/nuLigaHBDE.woa\/wa\/groupPage?displayTyp=gesamt&#038;displayDetail=meetings&#038;championship=BHV+2022%2F23&#038;group=305330\" target=\"_blank\" rel=\"noopener\">C.Jugend(w)<\/a><\/td>\n<td style=\"font-family: Verdana; font-size: 121t; font-weight: normal; border-color: #ffffff; background-color: #ffffff; outline: none;\" width=\"10\"><\/td>\n<td style=\"font-family: Verdana; font-size: 11pt; font-weight: normal; border-color: #ffffff; background-color: #ffffff; outline: none;\" width=\"*\">&nbsp;<\/td>\n<\/tr>\n<p><!--D.Jugend weibl.--><\/p>\n<tr>\n<td style=\"font-family: Verdana; font-size: 11pt; font-weight: normal; border-color: #ffffff; background-color: #ffffff; outline: none;\" width=\"10\"><\/td>\n<p><!--D.Jugend weibl. Tabelle--><\/p>\n<td style=\"font-family: Verdana; font-size: 11pt; font-weight: normal; border-color: #ffffff; background-color: #ffffff; outline: none;\" width=\"*\"><a title=\"D.Jugend(w)\" href=\"https:\/\/bhv-handball.liga.nu\/cgi-bin\/WebObjects\/nuLigaHBDE.woa\/wa\/groupPage?championship=OS+2022%2F23&#038;group=320764\" target=\"_blank\" rel=\"noopener\">D.Jugend(w)<\/a><\/td>\n<td style=\"font-family: Verdana; font-size: 121t; font-weight: normal; border-color: #ffffff; background-color: #ffffff; outline: none;\" width=\"10\"><\/td>\n<p><!--D.Jugend weibl. Spielplan--><\/p>\n<td style=\"font-family: Verdana; font-size: 11pt; font-weight: normal; border-color: #ffffff; background-color: #ffffff; outline: none;\" width=\"*\"><a title=\"D.Jugend(w)\" href=\"https:\/\/bhv-handball.liga.nu\/cgi-bin\/WebObjects\/nuLigaHBDE.woa\/wa\/groupPage?displayTyp=rueckrunde&#038;displayDetail=meetings&#038;championship=OS+2022%2F23&#038;group=320764\" target=\"_blank\" rel=\"noopener\">D.Jugend(w)<\/a><\/td>\n<td style=\"font-family: Verdana; font-size: 121t; font-weight: normal; border-color: #ffffff; background-color: #ffffff; outline: none;\" width=\"10\"><\/td>\n<td style=\"font-family: Verdana; font-size: 11pt; font-weight: normal; border-color: #ffffff; background-color: #ffffff; outline: none;\" width=\"*\">&nbsp;<\/td>\n<\/tr>\n<tr>\n<td style=\"font-family: Verdana; font-size: 11pt; font-weight: normal; border-color: #ffffff; background-color: #ffffff; outline: none;\" width=\"10\"><\/td>\n<td style=\"font-family: Verdana; font-size: 11pt; font-weight: normal; border-color: #ffffff; background-color: #ffffff; outline: none;\" width=\"*\"><a title=\"E.Jugend(gem)\" href=\"https:\/\/bhv-handball.liga.nu\/cgi-bin\/WebObjects\/nuLigaHBDE.woa\/wa\/groupPage?displayTyp=vorrunde&#038;displayDetail=meetings&#038;championship=OS+2022%2F23&#038;group=302224\" target=\"_blank\" rel=\"noopener\">E.Jugend(gem) VR<\/a><\/td>\n<td style=\"font-family: Verdana; font-size: 121t; font-weight: normal; border-color: #ffffff; background-color: #ffffff; outline: none;\" width=\"10\"><\/td>\n<td style=\"font-family: Verdana; font-size: 11pt; font-weight: normal; border-color: #ffffff; background-color: #ffffff; outline: none;\" width=\"*\"><a title=\"E.Jugend(gem)\" href=\"https:\/\/bhv-handball.liga.nu\/cgi-bin\/WebObjects\/nuLigaHBDE.woa\/wa\/groupPage?displayTyp=rueckrunde&#038;displayDetail=meetings&#038;championship=OS+2022%2F23&#038;group=316828\" target=\"_blank\" rel=\"noopener\">E.Jugend(gem) RR<\/a><\/td>\n<td style=\"font-family: Verdana; font-size: 121t; font-weight: normal; border-color: #ffffff; background-color: #ffffff; outline: none;\" width=\"10\"><\/td>\n<td style=\"font-family: Verdana; font-size: 11pt; font-weight: normal; border-color: #ffffff; background-color: #ffffff; outline: none;\" width=\"*\">&nbsp;<\/td>\n<\/tr>\n<tr>\n<td style=\"font-family: Verdana; font-size: 11pt; font-weight: normal; border-color: #ffffff; background-color: #ffffff; outline: none;\" width=\"10\"><\/td>\n<td style=\"font-family: Verdana; font-size: 11pt; font-weight: normal; border-color: #ffffff; background-color: #ffffff; outline: none;\" width=\"*\"><a title=\"Minis\" href=\"https:\/\/bhv-handball.liga.nu\/cgi-bin\/WebObjects\/nuLigaHBDE.woa\/wa\/groupPage?displayTyp=vorrunde&#038;displayDetail=meetings&#038;championship=OS+2022%2F23&#038;group=302226\" target=\"_blank\" rel=\"noopener\">Minis (VR)<\/a><\/td>\n<td style=\"font-family: Verdana; font-size: 121t; font-weight: normal; border-color: #ffffff; background-color: #ffffff; outline: none;\" width=\"10\"><\/td>\n<td style=\"font-family: Verdana; font-size: 11pt; font-weight: normal; border-color: #ffffff; background-color: #ffffff; outline: none;\" width=\"*\"><a title=\"Minis\" href=\"https:\/\/bhv-handball.liga.nu\/cgi-bin\/WebObjects\/nuLigaHBDE.woa\/wa\/groupPage?displayTyp=rueckrunde&#038;displayDetail=meetings&#038;championship=OS+2022%2F23&#038;group=316831\" target=\"_blank\" rel=\"noopener\">Minis (RR)<\/a><\/td>\n<td style=\"font-family: Verdana; font-size: 121t; font-weight: normal; border-color: #ffffff; background-color: #ffffff; outline: none;\" width=\"10\"><\/td>\n<td style=\"font-family: Verdana; font-size: 11pt; font-weight: normal; border-color: #ffffff; background-color: #ffffff; outline: none;\" width=\"*\">&nbsp;<\/td>\n<\/tr>\n<tr>\n<td style=\"font-family: Verdana; font-size: 11pt; font-weight: normal; border-color: #ffffff; background-color: #ffffff; outline: none;\" width=\"10\"><\/td>\n<td style=\"font-family: Verdana; font-size: 11pt; font-weight: normal; border-color: #ffffff; background-color: #ffffff; outline: none;\" width=\"*\"><\/td>\n<td style=\"font-family: Verdana; font-size: 11pt; font-weight: normal; border-color: #ffffff; background-color: #ffffff; outline: none;\" width=\"10\"><\/td>\n<td style=\"font-family: Verdana; font-size: 11pt; font-weight: normal; border-color: #ffffff; background-color: #ffffff; outline: none;\" width=\"*\"><a title=\"Kinderhandball Ostbayern\" href=\"https:\/\/www.bhv-online.de\/bezirke-des-bhv\/ostbayern\/jugend-ost\/kinderhandball-ost.html\" target=\"_blank\" rel=\"noopener\">Kinderhandball Ostbayern<\/a><\/td>\n<td style=\"font-family: Verdana; font-size: 11pt; font-weight: normal; border-color: #ffffff; background-color: #ffffff; outline: none;\" width=\"10\"><\/td>\n<td style=\"font-family: Verdana; font-size: 11pt; font-weight: normal; border-color: #ffffff; background-color: #ffffff; outline: none;\" width=\"*\"><\/td>\n<\/tr>\n<tr>\n<td style=\"font-family: Verdana; font-size: 11pt; font-weight: normal; border-color: #ffffff; background-color: #ffffff; outline: none;\" width=\"10\"><\/td>\n<td style=\"font-family: Verdana; font-size: 11pt; font-weight: normal; border-color: #ffffff; background-color: #ffffff; outline: none;\" width=\"*\"><\/td>\n<td style=\"font-family: Verdana; font-size: 11pt; font-weight: normal; border-color: #ffffff; background-color: #ffffff; outline: none;\" width=\"10\"><\/td>\n<td style=\"font-family: Verdana; font-size: 11pt; font-weight: normal; border-color: #ffffff; background-color: #ffffff; outline: none;\" width=\"*\"><a title=\"Handball Bezirk Ostbayern\" href=\"https:\/\/www.bhv-online.de\/bezirke-des-bhv\/ostbayern\/\" target=\"_blank\" rel=\"noopener\">Handballbezirk Ostbayern<\/a><\/td>\n<td style=\"font-family: Verdana; font-size: 11pt; font-weight: normal; border-color: #ffffff; background-color: #ffffff; outline: none;\" width=\"10\"><\/td>\n<td style=\"font-family: Verdana; font-size: 11pt; font-weight: normal; border-color: #ffffff; background-color: #ffffff; outline: none;\" width=\"*\"><\/td>\n<\/tr>\n<\/tbody>\n<\/table>\n","protected":false},"excerpt":{"rendered":"<p>Die Links f\u00fchren dich auf die nuLiga &#8211; Seiten zu den aktuellen Tabellen und Spielpl\u00e4ne. Tabellen Spielpl\u00e4ne Adressen Herren Herren Vereine Damen Damen Hallen B.Jugend(w) B.Jugend(w) &nbsp; B.Jugend(m) B.Jugend(m) &nbsp; C.Jugend(w) C.Jugend(w) &nbsp; D.Jugend(w) D.Jugend(w) &nbsp; E.Jugend(gem) VR E.Jugend(gem) RR &nbsp; Minis (VR) Minis (RR) &nbsp; Kinderhandball Ostbayern Handballbezirk Ostbayern<\/p>\n","protected":false},"author":1,"featured_media":0,"parent":0,"menu_order":5,"comment_status":"closed","ping_status":"closed","template":"","meta":[],"_links":{"self":[{"href":"https:\/\/www.sgschierling-langquaid.de\/handball\/index.php?rest_route=\/wp\/v2\/pages\/188"}],"collection":[{"href":"https:\/\/www.sgschierling-langquaid.de\/handball\/index.php?rest_route=\/wp\/v2\/pages"}],"about":[{"href":"https:\/\/www.sgschierling-langquaid.de\/handball\/index.php?rest_route=\/wp\/v2\/types\/page"}],"author":[{"embeddable":true,"href":"https:\/\/www.sgschierling-langquaid.de\/handball\/index.php?rest_route=\/wp\/v2\/users\/1"}],"replies":[{"embeddable":true,"href":"https:\/\/www.sgschierling-langquaid.de\/handball\/index.php?rest_route=%2Fwp%2Fv2%2Fcomments&post=188"}],"version-history":[{"count":118,"href":"https:\/\/www.sgschierling-langquaid.de\/handball\/index.php?rest_route=\/wp\/v2\/pages\/188\/revisions"}],"predecessor-version":[{"id":3152,"href":"https:\/\/www.sgschierling-langquaid.de\/handball\/index.php?rest_route=\/wp\/v2\/pages\/188\/revisions\/3152"}],"wp:attachment":[{"href":"https:\/\/www.sgschierling-langquaid.de\/handball\/index.php?rest_route=%2Fwp%2Fv2%2Fmedia&parent=188"}],"curies":[{"name":"wp","href":"https:\/\/api.w.org\/{rel}","templated":true}]}}